{"id":7162,"date":"2022-03-10T10:45:20","date_gmt":"2022-03-10T13:45:20","guid":{"rendered":"https:\/\/demo4.listivotheme.com\/?page_id=7162"},"modified":"2026-03-24T18:18:30","modified_gmt":"2026-03-24T21:18:30","slug":"contacto","status":"publish","type":"page","link":"https:\/\/miamiliferealty.com\/en\/contacto\/","title":{"rendered":"Contact"},"content":{"rendered":"\t\t<div data-elementor-type=\"wp-page\" data-elementor-id=\"7162\" class=\"elementor elementor-7162\" data-elementor-post-type=\"page\">\n\t\t\t\t<div class=\"elementor-element elementor-element-aac67b3 e-grid e-con-boxed e-con e-parent\" data-id=\"aac67b3\" data-element_type=\"container\" data-settings=\"{&quot;background_background&quot;:&quot;classic&quot;}\">\n\t\t\t\t\t<div class=\"e-con-inner\">\n\t\t<div class=\"elementor-element elementor-element-197bb92 e-con-full e-flex e-con e-child\" data-id=\"197bb92\" data-element_type=\"container\" data-settings=\"{&quot;background_background&quot;:&quot;classic&quot;}\">\n\t\t<div class=\"elementor-element elementor-element-b1b2306 e-con-full e-flex e-con e-child\" data-id=\"b1b2306\" data-element_type=\"container\">\n\t\t\t\t<div class=\"elementor-element elementor-element-e4e2a0d elementor-widget elementor-widget-heading\" data-id=\"e4e2a0d\" data-element_type=\"widget\" data-widget_type=\"heading.default\">\n\t\t\t\t<div class=\"elementor-widget-container\">\n\t\t\t\t\t<h1 class=\"elementor-heading-title elementor-size-default\">Hablemos<\/h1>\t\t\t\t<\/div>\n\t\t\t\t<\/div>\n\t\t\t\t<div class=\"elementor-element elementor-element-f245aca elementor-widget elementor-widget-heading\" data-id=\"f245aca\" data-element_type=\"widget\" data-widget_type=\"heading.default\">\n\t\t\t\t<div class=\"elementor-widget-container\">\n\t\t\t\t\t<h2 class=\"elementor-heading-title elementor-size-default\">Tu pr\u00f3xima inversi\u00f3n comienza aqu\u00ed<\/h2>\t\t\t\t<\/div>\n\t\t\t\t<\/div>\n\t\t\t\t<\/div>\n\t\t\t\t<\/div>\n\t\t\t\t\t<\/div>\n\t\t\t\t<\/div>\n\t\t<div class=\"elementor-element elementor-element-067db3a e-grid e-con-boxed e-con e-parent\" data-id=\"067db3a\" data-element_type=\"container\" data-settings=\"{&quot;background_background&quot;:&quot;classic&quot;}\">\n\t\t\t\t\t<div class=\"e-con-inner\">\n\t\t<div class=\"elementor-element elementor-element-a33fe35 e-con-full e-flex e-con e-child\" data-id=\"a33fe35\" data-element_type=\"container\">\n\t\t\t\t<div class=\"elementor-element elementor-element-8ef75ac elementor-widget elementor-widget-heading\" data-id=\"8ef75ac\" data-element_type=\"widget\" data-widget_type=\"heading.default\">\n\t\t\t\t<div class=\"elementor-widget-container\">\n\t\t\t\t\t<p class=\"elementor-heading-title elementor-size-default\">\u00bfC\u00f3mo te podemos ayudar?<\/p>\t\t\t\t<\/div>\n\t\t\t\t<\/div>\n\t\t\t\t<div class=\"elementor-element elementor-element-0d4dd44 elementor-widget elementor-widget-text-editor\" data-id=\"0d4dd44\" data-element_type=\"widget\" data-widget_type=\"text-editor.default\">\n\t\t\t\t<div class=\"elementor-widget-container\">\n\t\t\t\t\t\t\t\t\t<p><strong>Estamos aqu\u00ed para hacer realidad sus sue\u00f1os de hogar.<\/strong> Ya sea que compre, venda o alquile, nuestro equipo lo asesorar\u00e1.<\/p><p>\u00a1Cont\u00e1ctenos y haremos que su experiencia inmobiliaria sea excepcional!<\/p>\t\t\t\t\t\t\t\t<\/div>\n\t\t\t\t<\/div>\n\t\t\t\t<\/div>\n\t\t<div class=\"elementor-element elementor-element-ad2f7fa e-con-full e-flex e-con e-child\" data-id=\"ad2f7fa\" data-element_type=\"container\">\n\t\t\t\t<div class=\"elementor-element elementor-element-47e2e2f elementor-button-align-start elementor-hidden-desktop elementor-hidden-tablet elementor-hidden-mobile elementor-widget elementor-widget-form\" data-id=\"47e2e2f\" data-element_type=\"widget\" data-settings=\"{&quot;step_next_label&quot;:&quot;Siguiente&quot;,&quot;step_previous_label&quot;:&quot;Anterior&quot;,&quot;button_width&quot;:&quot;100&quot;,&quot;step_type&quot;:&quot;number_text&quot;,&quot;step_icon_shape&quot;:&quot;circle&quot;}\" data-widget_type=\"form.default\">\n\t\t\t\t<div class=\"elementor-widget-container\">\n\t\t\t\t\t\t\t<form class=\"elementor-form\" method=\"post\" name=\"Nuevo formulario\" aria-label=\"Nuevo formulario\">\n\t\t\t<input type=\"hidden\" name=\"post_id\" value=\"7162\"\/>\n\t\t\t<input type=\"hidden\" name=\"form_id\" value=\"47e2e2f\"\/>\n\t\t\t<input type=\"hidden\" name=\"referer_title\" value=\"Propiedad\" \/>\n\n\t\t\t\n\t\t\t<div class=\"elementor-form-fields-wrapper elementor-labels-\">\n\t\t\t\t\t\t\t\t<div class=\"elementor-field-type-text elementor-field-group elementor-column elementor-field-group-name elementor-col-50\">\n\t\t\t\t\t\t\t\t\t\t\t\t<label for=\"form-field-name\" class=\"elementor-field-label elementor-screen-only\">\n\t\t\t\t\t\t\t\tNombre\t\t\t\t\t\t\t<\/label>\n\t\t\t\t\t\t\t\t\t\t\t\t\t\t<input size=\"1\" type=\"text\" name=\"form_fields[name]\" id=\"form-field-name\" class=\"elementor-field elementor-size-sm  elementor-field-textual\" placeholder=\"Nombre\">\n\t\t\t\t\t\t\t\t\t\t\t<\/div>\n\t\t\t\t\t\t\t\t<div class=\"elementor-field-type-text elementor-field-group elementor-column elementor-field-group-field_371bad7 elementor-col-50\">\n\t\t\t\t\t\t\t\t\t\t\t\t<label for=\"form-field-field_371bad7\" class=\"elementor-field-label elementor-screen-only\">\n\t\t\t\t\t\t\t\tTel\u00e9fono\t\t\t\t\t\t\t<\/label>\n\t\t\t\t\t\t\t\t\t\t\t\t\t\t<input size=\"1\" type=\"text\" name=\"form_fields[field_371bad7]\" id=\"form-field-field_371bad7\" class=\"elementor-field elementor-size-sm  elementor-field-textual\" placeholder=\"Tel\u00e9fono\">\n\t\t\t\t\t\t\t\t\t\t\t<\/div>\n\t\t\t\t\t\t\t\t<div class=\"elementor-field-type-email elementor-field-group elementor-column elementor-field-group-email elementor-col-50 elementor-field-required\">\n\t\t\t\t\t\t\t\t\t\t\t\t<label for=\"form-field-email\" class=\"elementor-field-label elementor-screen-only\">\n\t\t\t\t\t\t\t\tCorreo electr\u00f3nico\t\t\t\t\t\t\t<\/label>\n\t\t\t\t\t\t\t\t\t\t\t\t\t\t<input size=\"1\" type=\"email\" name=\"form_fields[email]\" id=\"form-field-email\" class=\"elementor-field elementor-size-sm  elementor-field-textual\" placeholder=\"Correo electr\u00f3nico\" required=\"required\">\n\t\t\t\t\t\t\t\t\t\t\t<\/div>\n\t\t\t\t\t\t\t\t<div class=\"elementor-field-type-text elementor-field-group elementor-column elementor-field-group-field_97e0961 elementor-col-50\">\n\t\t\t\t\t\t\t\t\t\t\t\t<label for=\"form-field-field_97e0961\" class=\"elementor-field-label elementor-screen-only\">\n\t\t\t\t\t\t\t\tAsunto\t\t\t\t\t\t\t<\/label>\n\t\t\t\t\t\t\t\t\t\t\t\t\t\t<input size=\"1\" type=\"text\" name=\"form_fields[field_97e0961]\" id=\"form-field-field_97e0961\" class=\"elementor-field elementor-size-sm  elementor-field-textual\" placeholder=\"Asunto\">\n\t\t\t\t\t\t\t\t\t\t\t<\/div>\n\t\t\t\t\t\t\t\t<div class=\"elementor-field-type-textarea elementor-field-group elementor-column elementor-field-group-message elementor-col-100\">\n\t\t\t\t\t\t\t\t\t\t\t\t<label for=\"form-field-message\" class=\"elementor-field-label elementor-screen-only\">\n\t\t\t\t\t\t\t\tMensaje\t\t\t\t\t\t\t<\/label>\n\t\t\t\t\t\t<textarea class=\"elementor-field-textual elementor-field  elementor-size-sm\" name=\"form_fields[message]\" id=\"form-field-message\" rows=\"4\" placeholder=\"Mensaje\"><\/textarea>\t\t\t\t<\/div>\n\t\t\t\t\t\t\t\t<div class=\"elementor-field-group elementor-column elementor-field-type-submit elementor-col-100 e-form__buttons\">\n\t\t\t\t\t<button class=\"elementor-button elementor-size-sm\" type=\"submit\">\n\t\t\t\t\t\t<span class=\"elementor-button-content-wrapper\">\n\t\t\t\t\t\t\t\t\t\t\t\t\t\t\t\t\t\t\t\t\t\t<span class=\"elementor-button-text\">Enviar mensaje<\/span>\n\t\t\t\t\t\t\t\t\t\t\t\t\t<\/span>\n\t\t\t\t\t<\/button>\n\t\t\t\t<\/div>\n\t\t\t<\/div>\n\t\t<\/form>\n\t\t\t\t\t\t<\/div>\n\t\t\t\t<\/div>\n\t\t\t\t<div class=\"elementor-element elementor-element-13980df elementor-widget elementor-widget-html\" data-id=\"13980df\" data-element_type=\"widget\" data-widget_type=\"html.default\">\n\t\t\t\t<div class=\"elementor-widget-container\">\n\t\t\t\t\t<!-- Escala embed form4aa8af32-b4d3-429c-b50a-250617149eb4--><script id=\"escala-form-4aa8af32-b4d3-429c-b50a-250617149eb4-ran06880021871251168dom\" data-version=\"0.1.0\">window[\"escala-form-4aa8af32-b4d3-429c-b50a-250617149eb4-ran06880021871251168dom\"]={e:\"page\",f:\"4aa8af32-b4d3-429c-b50a-250617149eb4\",l:\"es\",r:\"ran06880021871251168dom\"};function escInitFormImpl(opts){(function(){var eventMethod=window.addEventListener?\"addEventListener\":\"attachEvent\";var eventer=window[eventMethod];var messageEvent=eventMethod===\"attachEvent\"?\"onmessage\":\"message\";eventer(messageEvent,function(e){if(e.data.origin===\"escalaForm\"){if(e.data.eventName===\"init\"&&e.data.height){const iframe=document.querySelector(\"[escala-element-form=\\\"escala-form-\"+e.data.instance+\"\\\"]\");if(iframe)iframe.height=e.data.height}else if(e.data.eventName===\"escala_lead\"){if(typeof fbq===\"function\"){if(e.data.leadData&&e.data.leadData.contact_email){fbq(\"track\",\"Lead\",{email:e.data.leadData.contact_email},{eventID:e.data.leadData.deduplicationId})}else{fbq(\"track\",\"Lead\",{},{eventID:e.data.leadData.deduplicationId})}}\r\n  if(typeof gtag===\"function\"){if(e.data.leadData&&e.data.leadData.contact_email){gtag(\"event\",\"generate_lead\",{\"event_category\":\"engagement\",\"event_label\":\"escala_lead\",\"email\":e.data.leadData.contact_email})}else{gtag(\"event\",\"generate_lead\",{\"event_category\":\"engagement\",\"event_label\":\"escala_lead\"})}}\r\n  if(typeof dataLayer!==\"undefined\"&&dataLayer.push&&typeof dataLayer.push===\"function\"){if(e.data.leadData&&e.data.leadData.contact_email){dataLayer.push({\"event\":\"escala_lead\",\"email\":e.data.leadData.contact_email})}else{dataLayer.push({\"event\":\"escala_lead\"})}}}}});var iframeId=\"escala-iframe-{f}-{l}-{r}\".replace(\"{f}\",opts.f).replace(\"{l}\",opts.l).replace(\"{r}\",opts.r);var iframeElem=document.getElementById(iframeId);if(iframeElem)iframeElem.remove();iframeElem=document.createElement(\"iframe\");var host=btoa(JSON.stringify({loc:location.href,title:encodeURIComponent(document.title),ref:document.referrer}));var instance=(opts.f+\"-\"+opts.r+\"-\"+(Math.random())).replace(\".\",\"-\");var params=\"form=\"+opts.f+\"&lang=\"+opts.l+\"&instance=\"+instance+\"&host=\"+host+\"&v=\"+(Math.random());try{var parent_location=window.location.toString();parent_params=parent_location.split('?');if(parent_params.length>1){params+='&'+parent_params[1]}}catch(e){}\r\n  iframeElem.setAttribute(\"src\",\"https:\/\/escalapages.com\/plugins\/forms\/embed.html?\"+params);var attrs=[\"marginwidth\",\"marginheight\",\"frameborder\",\"vspace\",\"hspace\"];for(var i=0;i<attrs.length;i++){iframeElem.setAttribute(attrs[i],\"0\")}\r\n  iframeElem.setAttribute(\"scrolling\",\"no\");iframeElem.width=\"100%\";iframeElem.setAttribute(\"escala-element-form\",\"escala-form-\"+instance);iframeElem.setAttribute(\"id\",iframeId);var scriptElem=document.getElementById(\"escala-form-\"+opts.f+\"-\"+opts.r);var body=document.getElementsByTagName(\"body\")[0];if(body.contains(scriptElem)){scriptElem.parentElement.appendChild(iframeElem)}else{body.appendChild(iframeElem)}}())}\r\nfunction escInitForm(){var opts=window[\"escala-form-4aa8af32-b4d3-429c-b50a-250617149eb4-ran06880021871251168dom\"];if(opts.e===\"elementor-popup\"){jQuery(document).ready(function(){jQuery(document).on(\"elementor\/popup\/show\",()=>{escInitFormImpl(opts)})})}else{escInitFormImpl(opts)}}\r\nif(window.addEventListener)\r\n  window.addEventListener(\"load\",escInitForm,!1);else if(window.attachEvent)\r\n  window.attachEvent(\"onload\",escInitForm);else window.onload=escInitForm;<\/script><!-- Escala embed form4aa8af32-b4d3-429c-b50a-250617149eb4-->\r\n\t\t\t\t<\/div>\n\t\t\t\t<\/div>\n\t\t\t\t<\/div>\n\t\t\t\t\t<\/div>\n\t\t\t\t<\/div>\n\t\t<div class=\"elementor-element elementor-element-33c329f e-flex e-con-boxed e-con e-parent\" data-id=\"33c329f\" data-element_type=\"container\" data-settings=\"{&quot;background_background&quot;:&quot;classic&quot;}\">\n\t\t\t\t\t<div class=\"e-con-inner\">\n\t\t<div class=\"elementor-element elementor-element-824214c e-con-full e-flex e-con e-child\" data-id=\"824214c\" data-element_type=\"container\">\n\t\t\t\t<div class=\"elementor-element elementor-element-25113dd elementor-widget elementor-widget-lst_services_v4\" data-id=\"25113dd\" data-element_type=\"widget\" data-widget_type=\"lst_services_v4.default\">\n\t\t\t\t<div class=\"elementor-widget-container\">\n\t\t\t\t\t<div class=\"listivo-services-v4\">\n    <div class=\"listivo-services-v4__list\">\n                    <div\n                                    class=\"listivo-service-v4 listivo-service-v4--with-circle\"\n                            >\n\n                <div\n                                            class=\"listivo-service-v4__circle\"\n                                    >\n                                            <img decoding=\"async\"\n                                src=\"https:\/\/miamiliferealty.com\/wp-content\/uploads\/2022\/04\/contact_address.png\"\n                                alt=\"Oficinas\"\n                        >\n                                    <\/div>\n\n                <h3 class=\"listivo-service-v4__label\">\n                    Oficinas                <\/h3>\n\n                                    <div class=\"listivo-service-v4__text\">\n                                                    2320 Hollywood Blvd. Hollywood, FL 33020                                            <\/div>\n                            <\/div>\n                    <div\n                                    class=\"listivo-service-v4 listivo-service-v4--with-circle\"\n                            >\n\n                <div\n                                            class=\"listivo-service-v4__circle\"\n                                    >\n                                            <img decoding=\"async\"\n                                src=\"https:\/\/miamiliferealty.com\/wp-content\/uploads\/2022\/04\/contact_phone.png\"\n                                alt=\"Tel\u00e9fono\"\n                        >\n                                    <\/div>\n\n                <h3 class=\"listivo-service-v4__label\">\n                    Tel\u00e9fono                <\/h3>\n\n                                    <div class=\"listivo-service-v4__text\">\n                                                    <a href=\"tel:+17863067308\">\n                                +1 786 306 7308                            <\/a>\n                                            <\/div>\n                            <\/div>\n                    <div\n                                    class=\"listivo-service-v4 listivo-service-v4--with-circle\"\n                            >\n\n                <div\n                                            class=\"listivo-service-v4__circle\"\n                                    >\n                                            <img decoding=\"async\"\n                                src=\"https:\/\/miamiliferealty.com\/wp-content\/uploads\/2022\/04\/contact_mail.png\"\n                                alt=\"Email\"\n                        >\n                                    <\/div>\n\n                <h3 class=\"listivo-service-v4__label\">\n                    Email                <\/h3>\n\n                                    <div class=\"listivo-service-v4__text\">\n                                                    <a href=\"mailto:info@miamiliferealty.com\">\n                                info@miamiliferealty.com                            <\/a>\n                                            <\/div>\n                            <\/div>\n            <\/div>\n<\/div>\n\t\t\t\t<\/div>\n\t\t\t\t<\/div>\n\t\t\t\t<\/div>\n\t\t\t\t\t<\/div>\n\t\t\t\t<\/div>\n\t\t\t\t<\/div>\n\t\t","protected":false},"excerpt":{"rendered":"<p>Hablemos Tu pr\u00f3xima inversi\u00f3n comienza aqu\u00ed \u00bfC\u00f3mo te podemos ayudar? Estamos aqu\u00ed para hacer realidad sus sue\u00f1os de hogar. Ya sea que compre, venda o alquile, nuestro equipo lo asesorar\u00e1. \u00a1Cont\u00e1ctenos y haremos que su experiencia inmobiliaria sea excepcional! Oficinas 2320 Hollywood Blvd. Hollywood, FL 33020 Tel\u00e9fono +1 786 306 7308 Email info@miamiliferealty.com<\/p>","protected":false},"author":1,"featured_media":0,"parent":0,"menu_order":0,"comment_status":"closed","ping_status":"closed","template":"","meta":{"_acf_changed":false,"_joinchat":[],"footnotes":""},"class_list":["post-7162","page","type-page","status-publish","hentry"],"acf":[],"_links":{"self":[{"href":"https:\/\/miamiliferealty.com\/en\/wp-json\/wp\/v2\/pages\/7162","targetHints":{"allow":["GET"]}}],"collection":[{"href":"https:\/\/miamiliferealty.com\/en\/wp-json\/wp\/v2\/pages"}],"about":[{"href":"https:\/\/miamiliferealty.com\/en\/wp-json\/wp\/v2\/types\/page"}],"author":[{"embeddable":true,"href":"https:\/\/miamiliferealty.com\/en\/wp-json\/wp\/v2\/users\/1"}],"replies":[{"embeddable":true,"href":"https:\/\/miamiliferealty.com\/en\/wp-json\/wp\/v2\/comments?post=7162"}],"version-history":[{"count":6,"href":"https:\/\/miamiliferealty.com\/en\/wp-json\/wp\/v2\/pages\/7162\/revisions"}],"predecessor-version":[{"id":13737,"href":"https:\/\/miamiliferealty.com\/en\/wp-json\/wp\/v2\/pages\/7162\/revisions\/13737"}],"wp:attachment":[{"href":"https:\/\/miamiliferealty.com\/en\/wp-json\/wp\/v2\/media?parent=7162"}],"curies":[{"name":"wp","href":"https:\/\/api.w.org\/{rel}","templated":true}]}}