{"id":12414,"date":"2026-01-16T12:15:14","date_gmt":"2026-01-16T15:15:14","guid":{"rendered":"https:\/\/miamiliferealty.com\/?page_id=12414"},"modified":"2026-02-06T09:57:57","modified_gmt":"2026-02-06T12:57:57","slug":"por-que-invertir-en-miami","status":"publish","type":"page","link":"https:\/\/miamiliferealty.com\/en\/por-que-invertir-en-miami\/","title":{"rendered":"Why invest in Miami?"},"content":{"rendered":"<div data-elementor-type=\"wp-page\" data-elementor-id=\"12414\" class=\"elementor elementor-12414\" data-elementor-post-type=\"page\">\n\t\t\t\t<div class=\"elementor-element elementor-element-2c2603e e-grid e-con-boxed e-con e-parent\" data-id=\"2c2603e\" data-element_type=\"container\" data-settings=\"{&quot;background_background&quot;:&quot;classic&quot;}\">\n\t\t\t\t\t<div class=\"e-con-inner\">\n\t\t<div class=\"elementor-element elementor-element-ad93795 e-con-full e-flex e-con e-child\" data-id=\"ad93795\" data-element_type=\"container\" data-settings=\"{&quot;background_background&quot;:&quot;classic&quot;}\">\n\t\t<div class=\"elementor-element elementor-element-e3ee0f3 e-con-full e-flex e-con e-child\" data-id=\"e3ee0f3\" data-element_type=\"container\">\n\t\t\t\t<div class=\"elementor-element elementor-element-8b0a73b elementor-widget elementor-widget-heading\" data-id=\"8b0a73b\" data-element_type=\"widget\" data-widget_type=\"heading.default\">\n\t\t\t\t<div class=\"elementor-widget-container\">\n\t\t\t\t\t<h1 class=\"elementor-heading-title elementor-size-default\">Why invest in Miami?<\/h1>\t\t\t\t<\/div>\n\t\t\t\t<\/div>\n\t\t\t\t<div class=\"elementor-element elementor-element-4a65baa elementor-widget elementor-widget-heading\" data-id=\"4a65baa\" data-element_type=\"widget\" data-widget_type=\"heading.default\">\n\t\t\t\t<div class=\"elementor-widget-container\">\n\t\t\t\t\t<h2 class=\"elementor-heading-title elementor-size-default\">Main reasons to buy real estate in Miami<\/h2>\t\t\t\t<\/div>\n\t\t\t\t<\/div>\n\t\t\t\t<\/div>\n\t\t\t\t<\/div>\n\t\t\t\t\t<\/div>\n\t\t\t\t<\/div>\n\t\t<div class=\"elementor-element elementor-element-1d6709f e-grid e-con-boxed e-con e-parent\" data-id=\"1d6709f\" data-element_type=\"container\">\n\t\t\t\t\t<div class=\"e-con-inner\">\n\t\t<div class=\"elementor-element elementor-element-adfe12b e-con-full e-flex e-con e-child\" data-id=\"adfe12b\" data-element_type=\"container\">\n\t\t\t\t<div class=\"elementor-element elementor-element-f4a660c elementor-widget elementor-widget-image\" data-id=\"f4a660c\" data-element_type=\"widget\" data-widget_type=\"image.default\">\n\t\t\t\t<div class=\"elementor-widget-container\">\n\t\t\t\t\t\t\t\t\t\t\t\t\t\t\t<img fetchpriority=\"high\" decoding=\"async\" width=\"900\" height=\"506\" src=\"https:\/\/miamiliferealty.com\/wp-content\/uploads\/2026\/01\/porque-invertir-en-miami_0004_Gemini_Generated_Image_r96y2ir96y2ir96y-1024x576.jpg\" class=\"attachment-large size-large wp-image-13051\" alt=\"\" srcset=\"https:\/\/miamiliferealty.com\/wp-content\/uploads\/2026\/01\/porque-invertir-en-miami_0004_Gemini_Generated_Image_r96y2ir96y2ir96y-1024x576.jpg 1024w, https:\/\/miamiliferealty.com\/wp-content\/uploads\/2026\/01\/porque-invertir-en-miami_0004_Gemini_Generated_Image_r96y2ir96y2ir96y-300x169.jpg 300w, https:\/\/miamiliferealty.com\/wp-content\/uploads\/2026\/01\/porque-invertir-en-miami_0004_Gemini_Generated_Image_r96y2ir96y2ir96y-768x432.jpg 768w, https:\/\/miamiliferealty.com\/wp-content\/uploads\/2026\/01\/porque-invertir-en-miami_0004_Gemini_Generated_Image_r96y2ir96y2ir96y-1536x864.jpg 1536w, https:\/\/miamiliferealty.com\/wp-content\/uploads\/2026\/01\/porque-invertir-en-miami_0004_Gemini_Generated_Image_r96y2ir96y2ir96y.jpg 1920w\" sizes=\"(max-width: 900px) 100vw, 900px\" \/>\t\t\t\t\t\t\t\t\t\t\t\t\t\t\t<\/div>\n\t\t\t\t<\/div>\n\t\t\t\t<\/div>\n\t\t<div class=\"elementor-element elementor-element-df3f990 e-con-full e-flex e-con e-child\" data-id=\"df3f990\" data-element_type=\"container\">\n\t\t\t\t<div class=\"elementor-element elementor-element-60fa4a9 elementor-widget elementor-widget-heading\" data-id=\"60fa4a9\" data-element_type=\"widget\" data-widget_type=\"heading.default\">\n\t\t\t\t<div class=\"elementor-widget-container\">\n\t\t\t\t\t<h2 class=\"elementor-heading-title elementor-size-default\">A growing metropolis<\/h2>\t\t\t\t<\/div>\n\t\t\t\t<\/div>\n\t\t\t\t<div class=\"elementor-element elementor-element-029bac2 elementor-widget elementor-widget-text-editor\" data-id=\"029bac2\" data-element_type=\"widget\" data-widget_type=\"text-editor.default\">\n\t\t\t\t<div class=\"elementor-widget-container\">\n\t\t\t\t\t\t\t\t\tKnown as the \u00abcapital of Latin America,\u00bb thanks to the constant development of downtown and neighboring coastal localities over the past eight years, Miami is increasingly becoming an ideal place to have a permanent residence, a second or third home. Strategically located between Latin America and Europe, Miami offers an ideal climate all year round, a varied cultural offer, and a paradisiacal lifestyle.\t\t\t\t\t\t\t\t<\/div>\n\t\t\t\t<\/div>\n\t\t\t\t<\/div>\n\t\t\t\t\t<\/div>\n\t\t\t\t<\/div>\n\t\t<div class=\"elementor-element elementor-element-aec27da e-grid e-con-boxed e-con e-parent\" data-id=\"aec27da\" data-element_type=\"container\" data-settings=\"{&quot;background_background&quot;:&quot;classic&quot;}\">\n\t\t\t\t\t<div class=\"e-con-inner\">\n\t\t<div class=\"elementor-element elementor-element-9b6aecc e-con-full e-flex e-con e-child\" data-id=\"9b6aecc\" data-element_type=\"container\" data-settings=\"{&quot;background_background&quot;:&quot;classic&quot;}\">\n\t\t<div class=\"elementor-element elementor-element-f96dcb6 e-con-full e-flex e-con e-child\" data-id=\"f96dcb6\" data-element_type=\"container\">\n\t\t\t\t<div class=\"elementor-element elementor-element-831eb5c elementor-widget elementor-widget-heading\" data-id=\"831eb5c\" data-element_type=\"widget\" data-widget_type=\"heading.default\">\n\t\t\t\t<div class=\"elementor-widget-container\">\n\t\t\t\t\t<h2 class=\"elementor-heading-title elementor-size-default\">Tourism<\/h2>\t\t\t\t<\/div>\n\t\t\t\t<\/div>\n\t\t\t\t<div class=\"elementor-element elementor-element-6956982 elementor-widget__width-initial elementor-widget elementor-widget-text-editor\" data-id=\"6956982\" data-element_type=\"widget\" data-widget_type=\"text-editor.default\">\n\t\t\t\t<div class=\"elementor-widget-container\">\n\t\t\t\t\t\t\t\t\tMiami Beach was chosen as the fifth best beach city in the world, one of the top 15 beach destinations, and one of the 10 most popular vacation spots, with an average of 14.5 million visitors per year.\t\t\t\t\t\t\t\t<\/div>\n\t\t\t\t<\/div>\n\t\t\t\t<\/div>\n\t\t\t\t<\/div>\n\t\t\t\t\t<\/div>\n\t\t\t\t<\/div>\n\t\t<div class=\"elementor-element elementor-element-aa101a0 e-grid e-con-boxed e-con e-parent\" data-id=\"aa101a0\" data-element_type=\"container\">\n\t\t\t\t\t<div class=\"e-con-inner\">\n\t\t<div class=\"elementor-element elementor-element-aa7aec0 e-con-full e-flex e-con e-child\" data-id=\"aa7aec0\" data-element_type=\"container\">\n\t\t\t\t<div class=\"elementor-element elementor-element-dc05a7f elementor-widget elementor-widget-heading\" data-id=\"dc05a7f\" data-element_type=\"widget\" data-widget_type=\"heading.default\">\n\t\t\t\t<div class=\"elementor-widget-container\">\n\t\t\t\t\t<h2 class=\"elementor-heading-title elementor-size-default\">Airport<\/h2>\t\t\t\t<\/div>\n\t\t\t\t<\/div>\n\t\t\t\t<div class=\"elementor-element elementor-element-acd9f2a elementor-widget elementor-widget-text-editor\" data-id=\"acd9f2a\" data-element_type=\"widget\" data-widget_type=\"text-editor.default\">\n\t\t\t\t<div class=\"elementor-widget-container\">\n\t\t\t\t\t\t\t\t\tMiami International Airport is the largest international cargo airport and the second largest international port of entry in the United States with 40 million passengers per year.\t\t\t\t\t\t\t\t<\/div>\n\t\t\t\t<\/div>\n\t\t\t\t<\/div>\n\t\t<div class=\"elementor-element elementor-element-b11d4ef e-con-full e-flex e-con e-child\" data-id=\"b11d4ef\" data-element_type=\"container\">\n\t\t\t\t<div class=\"elementor-element elementor-element-60bafc5 elementor-widget elementor-widget-image\" data-id=\"60bafc5\" data-element_type=\"widget\" data-widget_type=\"image.default\">\n\t\t\t\t<div class=\"elementor-widget-container\">\n\t\t\t\t\t\t\t\t\t\t\t\t\t\t\t<img decoding=\"async\" width=\"900\" height=\"506\" src=\"https:\/\/miamiliferealty.com\/wp-content\/uploads\/2026\/01\/porque-invertir-en-miami_0002_Gemini_Generated_Image_15r0n815r0n815r0-1024x576.jpg\" class=\"attachment-large size-large wp-image-13049\" alt=\"\" srcset=\"https:\/\/miamiliferealty.com\/wp-content\/uploads\/2026\/01\/porque-invertir-en-miami_0002_Gemini_Generated_Image_15r0n815r0n815r0-1024x576.jpg 1024w, https:\/\/miamiliferealty.com\/wp-content\/uploads\/2026\/01\/porque-invertir-en-miami_0002_Gemini_Generated_Image_15r0n815r0n815r0-300x169.jpg 300w, https:\/\/miamiliferealty.com\/wp-content\/uploads\/2026\/01\/porque-invertir-en-miami_0002_Gemini_Generated_Image_15r0n815r0n815r0-768x432.jpg 768w, https:\/\/miamiliferealty.com\/wp-content\/uploads\/2026\/01\/porque-invertir-en-miami_0002_Gemini_Generated_Image_15r0n815r0n815r0-1536x864.jpg 1536w, https:\/\/miamiliferealty.com\/wp-content\/uploads\/2026\/01\/porque-invertir-en-miami_0002_Gemini_Generated_Image_15r0n815r0n815r0.jpg 1920w\" sizes=\"(max-width: 900px) 100vw, 900px\" \/>\t\t\t\t\t\t\t\t\t\t\t\t\t\t\t<\/div>\n\t\t\t\t<\/div>\n\t\t\t\t<\/div>\n\t\t\t\t\t<\/div>\n\t\t\t\t<\/div>\n\t\t<div class=\"elementor-element elementor-element-27e17f9 e-grid e-con-boxed e-con e-parent\" data-id=\"27e17f9\" data-element_type=\"container\" data-settings=\"{&quot;background_background&quot;:&quot;classic&quot;}\">\n\t\t\t\t\t<div class=\"e-con-inner\">\n\t\t<div class=\"elementor-element elementor-element-8acd2e4 e-con-full e-flex e-con e-child\" data-id=\"8acd2e4\" data-element_type=\"container\" data-settings=\"{&quot;background_background&quot;:&quot;classic&quot;}\">\n\t\t<div class=\"elementor-element elementor-element-495bfab e-con-full e-flex e-con e-child\" data-id=\"495bfab\" data-element_type=\"container\">\n\t\t\t\t<div class=\"elementor-element elementor-element-c2668de elementor-widget elementor-widget-heading\" data-id=\"c2668de\" data-element_type=\"widget\" data-widget_type=\"heading.default\">\n\t\t\t\t<div class=\"elementor-widget-container\">\n\t\t\t\t\t<h2 class=\"elementor-heading-title elementor-size-default\">The cruise capital of the world<\/h2>\t\t\t\t<\/div>\n\t\t\t\t<\/div>\n\t\t\t\t<div class=\"elementor-element elementor-element-af95926 elementor-widget__width-initial elementor-widget elementor-widget-text-editor\" data-id=\"af95926\" data-element_type=\"widget\" data-widget_type=\"text-editor.default\">\n\t\t\t\t<div class=\"elementor-widget-container\">\n\t\t\t\t\t\t\t\t\tMiami is one of the first and only ports in the United States capable of receiving large \u00abPost-Panamax\u00bb vessels, which comprise 2 to 3 times more cargo than standard vessels and can accommodate up to 12 cruise ships simultaneously.\t\t\t\t\t\t\t\t<\/div>\n\t\t\t\t<\/div>\n\t\t\t\t<\/div>\n\t\t\t\t<\/div>\n\t\t\t\t\t<\/div>\n\t\t\t\t<\/div>\n\t\t<div class=\"elementor-element elementor-element-8ecda34 e-grid e-con-boxed e-con e-parent\" data-id=\"8ecda34\" data-element_type=\"container\">\n\t\t\t\t\t<div class=\"e-con-inner\">\n\t\t<div class=\"elementor-element elementor-element-379e67d e-con-full e-flex e-con e-child\" data-id=\"379e67d\" data-element_type=\"container\">\n\t\t\t\t<div class=\"elementor-element elementor-element-e027deb elementor-widget elementor-widget-image\" data-id=\"e027deb\" data-element_type=\"widget\" data-widget_type=\"image.default\">\n\t\t\t\t<div class=\"elementor-widget-container\">\n\t\t\t\t\t\t\t\t\t\t\t\t\t\t\t<img decoding=\"async\" width=\"900\" height=\"506\" src=\"https:\/\/miamiliferealty.com\/wp-content\/uploads\/2026\/01\/porque-invertir-en-miami_0001_Gemini_Generated_Image_aidgzcaidgzcaidg-1024x576.jpg\" class=\"attachment-large size-large wp-image-13048\" alt=\"\" srcset=\"https:\/\/miamiliferealty.com\/wp-content\/uploads\/2026\/01\/porque-invertir-en-miami_0001_Gemini_Generated_Image_aidgzcaidgzcaidg-1024x576.jpg 1024w, https:\/\/miamiliferealty.com\/wp-content\/uploads\/2026\/01\/porque-invertir-en-miami_0001_Gemini_Generated_Image_aidgzcaidgzcaidg-300x169.jpg 300w, https:\/\/miamiliferealty.com\/wp-content\/uploads\/2026\/01\/porque-invertir-en-miami_0001_Gemini_Generated_Image_aidgzcaidgzcaidg-768x432.jpg 768w, https:\/\/miamiliferealty.com\/wp-content\/uploads\/2026\/01\/porque-invertir-en-miami_0001_Gemini_Generated_Image_aidgzcaidgzcaidg-1536x864.jpg 1536w, https:\/\/miamiliferealty.com\/wp-content\/uploads\/2026\/01\/porque-invertir-en-miami_0001_Gemini_Generated_Image_aidgzcaidgzcaidg.jpg 1920w\" sizes=\"(max-width: 900px) 100vw, 900px\" \/>\t\t\t\t\t\t\t\t\t\t\t\t\t\t\t<\/div>\n\t\t\t\t<\/div>\n\t\t\t\t<\/div>\n\t\t<div class=\"elementor-element elementor-element-ad8305f e-con-full e-flex e-con e-child\" data-id=\"ad8305f\" data-element_type=\"container\">\n\t\t\t\t<div class=\"elementor-element elementor-element-e3fcf01 elementor-widget elementor-widget-heading\" data-id=\"e3fcf01\" data-element_type=\"widget\" data-widget_type=\"heading.default\">\n\t\t\t\t<div class=\"elementor-widget-container\">\n\t\t\t\t\t<h2 class=\"elementor-heading-title elementor-size-default\">Entertainment and Culture<\/h2>\t\t\t\t<\/div>\n\t\t\t\t<\/div>\n\t\t\t\t<div class=\"elementor-element elementor-element-9a8288a elementor-widget elementor-widget-text-editor\" data-id=\"9a8288a\" data-element_type=\"widget\" data-widget_type=\"text-editor.default\">\n\t\t\t\t<div class=\"elementor-widget-container\">\n\t\t\t\t\t\t\t\t\tMiami is the new hub for the country's major art and entertainment fairs, attracting millions of regional and international visitors. Among the main annual events are: the Miami International Boat Show, the Miami Open, the Ultra Music Festival, Miami Fashion Week, the Miami Book Fair, and Art Basel.\t\t\t\t\t\t\t\t<\/div>\n\t\t\t\t<\/div>\n\t\t\t\t<\/div>\n\t\t\t\t\t<\/div>\n\t\t\t\t<\/div>\n\t\t<div class=\"elementor-element elementor-element-1ca9285 e-grid e-con-boxed e-con e-parent\" data-id=\"1ca9285\" data-element_type=\"container\" data-settings=\"{&quot;background_background&quot;:&quot;classic&quot;}\">\n\t\t\t\t\t<div class=\"e-con-inner\">\n\t\t<div class=\"elementor-element elementor-element-fc108eb e-con-full e-flex e-con e-child\" data-id=\"fc108eb\" data-element_type=\"container\" data-settings=\"{&quot;background_background&quot;:&quot;classic&quot;}\">\n\t\t<div class=\"elementor-element elementor-element-0dcbb79 e-con-full e-flex e-con e-child\" data-id=\"0dcbb79\" data-element_type=\"container\">\n\t\t\t\t<div class=\"elementor-element elementor-element-a2724f1 elementor-widget elementor-widget-heading\" data-id=\"a2724f1\" data-element_type=\"widget\" data-widget_type=\"heading.default\">\n\t\t\t\t<div class=\"elementor-widget-container\">\n\t\t\t\t\t<h2 class=\"elementor-heading-title elementor-size-default\">Highly competitive real estate market<\/h2>\t\t\t\t<\/div>\n\t\t\t\t<\/div>\n\t\t\t\t<div class=\"elementor-element elementor-element-f7412b3 elementor-widget__width-initial elementor-widget elementor-widget-text-editor\" data-id=\"f7412b3\" data-element_type=\"widget\" data-widget_type=\"text-editor.default\">\n\t\t\t\t<div class=\"elementor-widget-container\">\n\t\t\t\t\t\t\t\t\tCompared to other markets in the world, Miami is one of the most accessible in terms of prices per square meter, as it offers high rental profitability and currently ranks ninth on the list of \u00abtop North American cities of the future\u00bb according to FDI. In addition, it houses the largest concentration of international banks in the United States and the third largest number of skyscrapers, after New York and Chicago.\t\t\t\t\t\t\t\t<\/div>\n\t\t\t\t<\/div>\n\t\t\t\t<\/div>\n\t\t\t\t<\/div>\n\t\t\t\t\t<\/div>\n\t\t\t\t<\/div>\n\t\t\t\t<\/div>","protected":false},"excerpt":{"rendered":"<p>Principales razones para comprar bienes ra\u00edces en Miami Una metr\u00f3polis en crecimiento Conocida como la \u00abcapital de Latinoam\u00e9rica\u00bb, gracias al constante desarrollo del centro y las localidades costeras vecinas en los \u00faltimos ocho a\u00f1os, Miami se est\u00e1 convirtiendo cada vez m\u00e1s en un lugar ideal para tener una residencia permanente, una segunda o tercera vivienda. [&hellip;]<\/p>\n","protected":false},"author":11,"featured_media":0,"parent":0,"menu_order":0,"comment_status":"closed","ping_status":"closed","template":"","meta":{"_acf_changed":false,"_joinchat":[],"footnotes":""},"class_list":["post-12414","page","type-page","status-publish","hentry"],"acf":[],"_links":{"self":[{"href":"https:\/\/miamiliferealty.com\/en\/wp-json\/wp\/v2\/pages\/12414","targetHints":{"allow":["GET"]}}],"collection":[{"href":"https:\/\/miamiliferealty.com\/en\/wp-json\/wp\/v2\/pages"}],"about":[{"href":"https:\/\/miamiliferealty.com\/en\/wp-json\/wp\/v2\/types\/page"}],"author":[{"embeddable":true,"href":"https:\/\/miamiliferealty.com\/en\/wp-json\/wp\/v2\/users\/11"}],"replies":[{"embeddable":true,"href":"https:\/\/miamiliferealty.com\/en\/wp-json\/wp\/v2\/comments?post=12414"}],"version-history":[{"count":0,"href":"https:\/\/miamiliferealty.com\/en\/wp-json\/wp\/v2\/pages\/12414\/revisions"}],"wp:attachment":[{"href":"https:\/\/miamiliferealty.com\/en\/wp-json\/wp\/v2\/media?parent=12414"}],"curies":[{"name":"wp","href":"https:\/\/api.w.org\/{rel}","templated":true}]}}